{"id":110,"date":"2017-03-15T17:25:24","date_gmt":"2017-03-15T16:25:24","guid":{"rendered":"https:\/\/artcrash.com\/de\/?page_id=110"},"modified":"2024-02-07T13:47:54","modified_gmt":"2024-02-07T12:47:54","slug":"jobs-backup","status":"publish","type":"page","link":"https:\/\/artcrash.com\/de\/jobs-backup\/","title":{"rendered":"Jobs_Initiativ"},"content":{"rendered":"<div id=\"pl-110\"  class=\"panel-layout\" ><div id=\"pg-110-0\"  class=\"panel-grid panel-has-style\" ><div data-sagewidth=\"1700px\" class=\"panel-row-style panel-row-style-for-110-0\" ><div id=\"pgc-110-0-0\"  class=\"panel-grid-cell\" ><div id=\"panel-110-0-0-0\" class=\"so-panel widget widget_rev-slider-widget widget_revslider panel-first-child panel-last-child\" data-index=\"0\" >\n\t\t\t\t<p class=\"rs-p-wp-fix\"><\/p>\n\t\t\t\t<sr7-module data-alias=\"jobs\" data-id=\"9\" id=\"SR7_9_1\" class=\"rs-ov-hidden\" data-version=\"6.7.50\">\n\t\t\t\t\t<sr7-adjuster><\/sr7-adjuster>\n\t\t\t\t\t<sr7-content>\n\t\t\t\t\t\t<sr7-slide id=\"SR7_9_1-10\" data-key=\"10\">\n\t\t\t\t\t\t\t<sr7-bg id=\"SR7_9_1-10-6\" class=\"sr7-layer\"><noscript><img decoding=\"async\" src=\"https:\/\/artcrash.com\/de\/wp-content\/uploads\/2017\/03\/Header-Jobs-1600x900.jpg\" alt=\"Jobs \u00b7 Art Crash Werbeagentur Karlsruhe\" title=\"Header-Jobs-1600&#215;900\"><\/noscript><\/sr7-bg>\n\t\t\t\t\t\t\t<sr7-txt id=\"SR7_9_1-10-1\" class=\"sr7-layer\">BEI ART CRASH<\/sr7-txt>\n\t\t\t\t\t\t\t<sr7-txt id=\"SR7_9_1-10-2\" class=\"sr7-layer\">JOBS<\/sr7-txt>\n\t\t\t\t\t\t\t<sr7-txt id=\"SR7_9_1-10-3\" class=\"sr7-layer\">Bist du fit f\u00fcr neue Herausforderungen? Hast du die Ersatzbank satt?<\/sr7-txt>\n\t\t\t\t\t\t\t<sr7-txt id=\"SR7_9_1-10-4\" class=\"sr7-layer\">M\u00f6chtest du Teil unserer kreativen Mannschaft werden?<\/sr7-txt>\n\t\t\t\t\t\t\t<sr7-txt id=\"SR7_9_1-10-5\" class=\"sr7-layer\">Dann bewirb dich jetzt!<\/sr7-txt>\n\t\t\t\t\t\t<\/sr7-slide>\n\t\t\t\t\t<\/sr7-content>\n\t\t\t\t\t<image_lists style=\"display:none\">\n\t\t\t\t\t\t<img data-src=\"\/\/artcrash.com\/de\/wp-content\/uploads\/2017\/03\/Header-Jobs-1600x900.jpg\" width=\"0\" height=\"0\" data-dbsrc=\"Ly9hcnRjcmFzaC5jb20vZGUvd3AtY29udGVudC91cGxvYWRzLzIwMTcvMDMvSGVhZGVyLUpvYnMtMTYwMHg5MDAuanBn\"\/>\n\t\t\t\t\t<\/image_lists>\n\t\t\t\t<\/sr7-module>\n\t\t\t\t<script>\n\t\t\t\t\tSR7.PMH ??={}; SR7.PMH[\"SR7_9_1\"] = {cn:100,state:false,fn: function() { if (_tpt!==undefined && _tpt.prepareModuleHeight !== undefined) {  _tpt.prepareModuleHeight({id:\"SR7_9_1\",type:'standard',shdw:'0',gh:[900,900,576,438,270],gw:[1600,1600,1024,778,480],vpt:['-200px'],size:{fullWidth:false, fullHeight:false},mh:'0',onh:0,onw:0,bg:{color:'{\"orig\":\"transparent\",\"type\":\"solid\",\"string\":\"transparent\"}'},plType:'-1',plColor:'#FFFFFF'});   SR7.PMH[\"SR7_9_1\"].state=true;} else if(SR7.PMH[\"SR7_9_1\"].cn-->0)\tsetTimeout( SR7.PMH[\"SR7_9_1\"].fn,19);}};SR7.PMH[\"SR7_9_1\" ].fn();\n\t\t\t\t<\/script>\n<\/div><\/div><\/div><\/div><div id=\"pg-110-1\"  class=\"panel-grid panel-has-style\" ><div data-sagewidth=\"930px\" class=\"panel-row-style panel-row-style-for-110-1\" ><div id=\"pgc-110-1-0\"  class=\"panel-grid-cell\" ><div id=\"panel-110-1-0-0\" class=\"so-panel widget widget_sageheaderwidget panel-first-child\" data-index=\"1\" ><div\n\t\t\t\n\t\t\tclass=\"so-widget-sageheaderwidget so-widget-sageheaderwidget-base\"\n\t\t\t\n\t\t><div class=\"sageheaderwidget sageanchor__parent sageheaderwidget_layout_exobold55\">\n<h1 class=\"sageheaderwidget__header\">\nArbeiten bei Art Crash<\/h1>\n<\/div>\n\n<\/div><\/div><div id=\"panel-110-1-0-1\" class=\"so-panel widget widget_sow-editor panel-last-child\" data-index=\"2\" ><div class=\"panel-widget-style panel-widget-style-for-110-1-0-1\" ><div\n\t\t\t\n\t\t\tclass=\"so-widget-sow-editor so-widget-sow-editor-base\"\n\t\t\t\n\t\t>\n<div class=\"siteorigin-widget-tinymce textwidget\">\n\t<div class=\"intro-text\">\n<p style=\"text-align: center;\">Abwechslungsreiche Aufgaben, spannende Wirkungsbereiche und eine durchtrainierte Mannschaft warten auf dich.<\/p>\n<p style=\"text-align: center;\">Momentan ist unser Team schon komplett.<\/p>\n<\/div>\n<\/div>\n<\/div><\/div><\/div><\/div><\/div><\/div><div id=\"pg-110-2\"  class=\"panel-grid panel-no-style\" ><div id=\"pgc-110-2-0\"  class=\"panel-grid-cell\" ><div id=\"panel-110-2-0-0\" class=\"so-panel widget widget_sagehrwidget panel-first-child panel-last-child\" data-index=\"3\" ><div\n\t\t\t\n\t\t\tclass=\"so-widget-sagehrwidget so-widget-sagehrwidget-base\"\n\t\t\t\n\t\t><hr class=\"sagehr sagehr_margin_small\">\n<\/div><\/div><\/div><\/div><div id=\"pg-110-3\"  class=\"panel-grid panel-has-style\" ><div data-sagewidth=\"1600px\" class=\"panel-row-style panel-row-style-for-110-3\" ><div id=\"pgc-110-3-0\"  class=\"panel-grid-cell panel-grid-cell-empty\" ><\/div><\/div><\/div><div id=\"pg-110-4\"  class=\"panel-grid panel-has-style\" ><div data-sagewidth=\"930px\" class=\"panel-row-style panel-row-style-for-110-4\" ><div id=\"pgc-110-4-0\"  class=\"panel-grid-cell panel-grid-cell-empty\" ><\/div><\/div><\/div><div id=\"pg-110-5\"  class=\"panel-grid panel-has-style\" ><div data-sagewidth=\"1600px\" class=\"panel-row-style panel-row-style-for-110-5\" ><div id=\"pgc-110-5-0\"  class=\"panel-grid-cell\" ><div id=\"panel-110-5-0-0\" class=\"so-panel widget widget_sageheaderwidget panel-first-child\" data-index=\"4\" ><div\n\t\t\t\n\t\t\tclass=\"so-widget-sageheaderwidget so-widget-sageheaderwidget-base\"\n\t\t\t\n\t\t><div class=\"sageheaderwidget sageanchor__parent sageheaderwidget_layout_exobold55\">\n<h2 class=\"sageheaderwidget__header\">\nInitiativbewerbung? Gerne!<\/h2>\n<\/div>\n\n<\/div><\/div><div id=\"panel-110-5-0-1\" class=\"so-panel widget widget_sow-editor panel-last-child\" data-index=\"5\" ><div\n\t\t\t\n\t\t\tclass=\"so-widget-sow-editor so-widget-sow-editor-base\"\n\t\t\t\n\t\t>\n<div class=\"siteorigin-widget-tinymce textwidget\">\n\t<div class=\"intro-text\" style=\"text-align: left;\">\n<p class=\"p1\"><span class=\"s1\">Der passender Job ist nicht dabei? Du bist aber davon \u00fcberzeugt, die perfekte Erg\u00e4nzung f\u00fcr unser Team zu sein? Dann freuen wir uns, von dir zu h\u00f6ren. Sende deine Initiativbewerbung einfach an <a href=\"mailto:jobs@artcrash.com\"><span class=\"s2\">jobs@artcrash.com<\/span><\/a><\/span><\/p>\n<p style=\"text-align: center;\"><a class=\"arrow voltesemiboldblack\" href=\"mailto:jobs@artcrash.com\">Jetzt bewerben<\/a><\/p>\n<\/div>\n<p>\u00a0<\/p>\n<p>\u00a0<\/p>\n<\/div>\n<\/div><\/div><\/div><\/div><\/div><\/div>","protected":false},"excerpt":{"rendered":"<p>Abwechslungsreiche Aufgaben, spannende Wirkungsbereiche und eine durchtrainierte Mannschaft warten auf dich. Momentan ist unser Team schon komplett.<\/p>\n","protected":false},"author":3,"featured_media":0,"parent":0,"menu_order":30,"comment_status":"closed","ping_status":"closed","template":"","meta":{"inline_featured_image":false,"footnotes":""},"class_list":["post-110","page","type-page","status-publish","hentry","odd"],"aioseo_notices":[],"_links":{"self":[{"href":"https:\/\/artcrash.com\/de\/wp-json\/wp\/v2\/pages\/110","targetHints":{"allow":["GET"]}}],"collection":[{"href":"https:\/\/artcrash.com\/de\/wp-json\/wp\/v2\/pages"}],"about":[{"href":"https:\/\/artcrash.com\/de\/wp-json\/wp\/v2\/types\/page"}],"author":[{"embeddable":true,"href":"https:\/\/artcrash.com\/de\/wp-json\/wp\/v2\/users\/3"}],"replies":[{"embeddable":true,"href":"https:\/\/artcrash.com\/de\/wp-json\/wp\/v2\/comments?post=110"}],"version-history":[{"count":343,"href":"https:\/\/artcrash.com\/de\/wp-json\/wp\/v2\/pages\/110\/revisions"}],"predecessor-version":[{"id":3240,"href":"https:\/\/artcrash.com\/de\/wp-json\/wp\/v2\/pages\/110\/revisions\/3240"}],"wp:attachment":[{"href":"https:\/\/artcrash.com\/de\/wp-json\/wp\/v2\/media?parent=110"}],"curies":[{"name":"wp","href":"https:\/\/api.w.org\/{rel}","templated":true}]}}