{"id":137,"date":"2017-03-16T18:35:13","date_gmt":"2017-03-16T17:35:13","guid":{"rendered":"https:\/\/artcrash.com\/de\/?page_id=137"},"modified":"2019-05-16T16:13:19","modified_gmt":"2019-05-16T14:13:19","slug":"arvato-financial-solutions","status":"publish","type":"page","link":"https:\/\/artcrash.com\/de\/projekte\/arvato-financial-solutions\/","title":{"rendered":"Arvato Financial Solutions"},"content":{"rendered":"<div id=\"pl-137\"  class=\"panel-layout\" ><div id=\"pg-137-0\"  class=\"panel-grid panel-has-style\" ><div class=\"siteorigin-panels-stretch panel-row-style panel-row-style-for-137-0\" data-stretch-type=\"full-stretched\" data-sagewidth=\"1700px\" ><div id=\"pgc-137-0-0\"  class=\"panel-grid-cell\" ><div id=\"panel-137-0-0-0\" class=\"so-panel widget widget_rev-slider-widget widget_revslider panel-first-child panel-last-child\" data-index=\"0\" >\n\t\t\t\t<p class=\"rs-p-wp-fix\"><\/p>\n\t\t\t\t<sr7-module data-alias=\"projekt-arvato\" data-id=\"4\" id=\"SR7_4_1\" class=\"rs-ov-hidden\" data-version=\"6.7.54\">\n\t\t\t\t\t<sr7-adjuster><\/sr7-adjuster>\n\t\t\t\t\t<sr7-content>\n\t\t\t\t\t\t<sr7-slide id=\"SR7_4_1-5\" data-key=\"5\">\n\t\t\t\t\t\t\t<sr7-bg id=\"SR7_4_1-5-1\" class=\"sr7-layer\"><noscript><img decoding=\"async\" src=\"https:\/\/artcrash.com\/de\/wp-content\/uploads\/2017\/03\/projekt-arvato-bertelsmann-finanzdienstleister-header-anzeigen-mehrsprachig-art-crash.jpg\" alt=\"arvato Bertelsmann \u00b7 Anzeige \u00b7 Print \u00b7 Gestaltung \u00b7 Corporate Identity \u00b7 CI \u00b7 Art Crash Werbeagentur Karlsruhe\" title=\"projekt-arvato-bertelsmann-finanzdienstleister-header-anzeigen-mehrsprachig-art-crash\"><\/noscript><\/sr7-bg>\n\t\t\t\t\t\t<\/sr7-slide>\n\t\t\t\t\t<\/sr7-content>\n\t\t\t\t\t<image_lists style=\"display:none\">\n\t\t\t\t\t\t<img data-src=\"\/\/artcrash.com\/de\/wp-content\/uploads\/2017\/03\/projekt-arvato-bertelsmann-finanzdienstleister-header-anzeigen-mehrsprachig-art-crash.jpg\" data-libid=\"377\" alt=\"arvato Bertelsmann \u00b7 Anzeige \u00b7 Print \u00b7 Gestaltung \u00b7 Corporate Identity \u00b7 CI \u00b7 Art Crash Werbeagentur Karlsruhe\" title=\"projekt-arvato-bertelsmann-finanzdienstleister-header-anzeigen-mehrsprachig-art-crash\" width=\"0\" height=\"0\" data-dbsrc=\"Ly9hcnRjcmFzaC5jb20vZGUvd3AtY29udGVudC91cGxvYWRzLzIwMTcvMDMvcHJvamVrdC1hcnZhdG8tYmVydGVsc21hbm4tZmluYW56ZGllbnN0bGVpc3Rlci1oZWFkZXItYW56ZWlnZW4tbWVocnNwcmFjaGlnLWFydC1jcmFzaC5qcGc=\"\/>\n\t\t\t\t\t<\/image_lists>\n\t\t\t\t<\/sr7-module>\n\t\t\t\t<script>\n\t\t\t\t\twindow.SR7 ??={};SR7.PMH ??={}; SR7.PMH[\"SR7_4_1\"] = {cn:100,state:false,fn: function() { if (window._tpt!==undefined && window._tpt.prepareModuleHeight !== undefined) {  _tpt.prepareModuleHeight({id:\"SR7_4_1\",type:'standard',shdw:'0',gh:[900,900,576,438,270],gw:[1600,1600,1024,778,480],vpt:['-200px'],size:{fullWidth:false, fullHeight:false},mh:'0',onh:0,onw:0,bg:{color:'{\"orig\":\"transparent\",\"type\":\"solid\",\"string\":\"transparent\"}'},plType:'5',plColor:'#FFFFFF'});   SR7.PMH[\"SR7_4_1\"].state=true;} else if(SR7.PMH[\"SR7_4_1\"].cn-->0)\tsetTimeout( SR7.PMH[\"SR7_4_1\"].fn,19);}};SR7.PMH[\"SR7_4_1\" ].fn();\n\t\t\t\t<\/script>\n<\/div><\/div><\/div><\/div><div id=\"pg-137-1\"  class=\"panel-grid panel-has-style\" ><div data-sagewidth=\"1280px\" class=\"panel-row-style panel-row-style-for-137-1\" ><div id=\"pgc-137-1-0\"  class=\"panel-grid-cell\" ><div id=\"panel-137-1-0-0\" class=\"so-panel widget widget_sageheaderwidget panel-first-child\" data-index=\"1\" ><div\n\t\t\t\n\t\t\tclass=\"so-widget-sageheaderwidget so-widget-sageheaderwidget-base\"\n\t\t\t\n\t\t><div class=\"sageheaderwidget sageanchor__parent sageheaderwidget_layout_exobold55\">\n<h1 class=\"sageheaderwidget__header\">\nArvato Financial Solutions<\/h1>\n<\/div>\n\n<\/div><\/div><div id=\"panel-137-1-0-1\" class=\"so-panel widget widget_sow-editor\" data-index=\"2\" ><div\n\t\t\t\n\t\t\tclass=\"so-widget-sow-editor so-widget-sow-editor-base\"\n\t\t\t\n\t\t>\n<div class=\"siteorigin-widget-tinymce textwidget\">\n\t<p style=\"text-align: center;\">Arvato Financial Solutions ist ein global t\u00e4tiger Finanzdienstleister. Neben der Gestaltung und Umsetzung diverser Online- und Printmedien, wie Gro\u00dffl\u00e4chenplakate, Anzeigen und Newsletter f\u00fcr die Unternehmenskommunikation und der Organisation der damit einhergehenden Mediaplanung, k\u00fcmmern wir uns auch um die Umsetzung der Employer Branding-Strategie. Dazu z\u00e4hlt die Konzeption von Recruiting-Kampagnen, <br \/>deren Gestaltung sowie das Ver\u00f6ffentlichen der Stellenanzeigen.<\/p>\n<\/div>\n<\/div><\/div><div id=\"panel-137-1-0-2\" class=\"so-panel widget widget_sagehrwidget panel-last-child\" data-index=\"3\" ><div\n\t\t\t\n\t\t\tclass=\"so-widget-sagehrwidget so-widget-sagehrwidget-base\"\n\t\t\t\n\t\t><hr class=\"sagehr sagehr_margin_medium\">\n<\/div><\/div><\/div><\/div><\/div><div id=\"pg-137-2\"  class=\"panel-grid panel-has-style\" ><div class=\"project-category-title panel-row-style panel-row-style-for-137-2\" data-sagewidth=\"1600px\" ><div id=\"pgc-137-2-0\"  class=\"panel-grid-cell\" ><div id=\"panel-137-2-0-0\" class=\"so-panel widget widget_sageheaderwidget panel-first-child panel-last-child\" data-index=\"4\" ><div\n\t\t\t\n\t\t\tclass=\"so-widget-sageheaderwidget so-widget-sageheaderwidget-base\"\n\t\t\t\n\t\t><div class=\"sageheaderwidget sageanchor__parent sageheaderwidget_layout_voltesemibold24up\">\n<h2 class=\"sageheaderwidget__header\">\nCorporate Communication<\/h2>\n<p class=\"sageheaderwidget__subtitle\">Rollup-Banner und Gro\u00dffl\u00e4chenplakat<\/p>\n<\/div>\n\n<\/div><\/div><\/div><\/div><\/div><div id=\"pg-137-3\"  class=\"panel-grid panel-has-style\" ><div data-sagewidth=\"1600px\" class=\"panel-row-style panel-row-style-for-137-3\" ><div id=\"pgc-137-3-0\"  class=\"panel-grid-cell\" ><div id=\"panel-137-3-0-0\" class=\"so-panel widget widget_sageimagewidget panel-first-child panel-last-child\" data-index=\"5\" ><div\n\t\t\t\n\t\t\tclass=\"so-widget-sageimagewidget so-widget-sageimagewidget-base\"\n\t\t\t\n\t\t><div class=\"sageimagewidget\">\n<figure class=\"sageimagewidget__figure\">\n<div class=\"sageimagewidget__hoverwrap\"><img decoding=\"async\" class=\"sageimagewidget__img\" src=\"https:\/\/artcrash.com\/de\/wp-content\/uploads\/2017\/04\/projekt-arvato-bertelsmann-grossformat-roll-up-art-crash-1.jpg\" width=\"734\" height=\"720\" alt=\"\" ><\/div>\n<\/figure>\n<\/div><\/div><\/div><\/div><div id=\"pgc-137-3-1\"  class=\"panel-grid-cell\" ><div id=\"panel-137-3-1-0\" class=\"so-panel widget widget_sageimagewidget panel-first-child panel-last-child\" data-index=\"6\" ><div\n\t\t\t\n\t\t\tclass=\"so-widget-sageimagewidget so-widget-sageimagewidget-base\"\n\t\t\t\n\t\t><div class=\"sageimagewidget\">\n<figure class=\"sageimagewidget__figure\">\n<div class=\"sageimagewidget__hoverwrap\"><img decoding=\"async\" class=\"sageimagewidget__img\" src=\"https:\/\/artcrash.com\/de\/wp-content\/uploads\/2017\/04\/projekt-arvato-bertelsmann-grossformat-roll-up-2-art-crash-1.jpg\" width=\"734\" height=\"720\" alt=\"\" ><\/div>\n<\/figure>\n<\/div><\/div><\/div><\/div><\/div><\/div><div id=\"pg-137-4\"  class=\"panel-grid panel-has-style\" ><div data-sagewidth=\"1600px\" class=\"panel-row-style panel-row-style-for-137-4\" ><div id=\"pgc-137-4-0\"  class=\"panel-grid-cell\" ><div id=\"panel-137-4-0-0\" class=\"so-panel widget widget_sow-image panel-first-child panel-last-child\" data-index=\"7\" ><div\n\t\t\t\n\t\t\tclass=\"so-widget-sow-image so-widget-sow-image-default-c67d20f9f743-137\"\n\t\t\t\n\t\t>\n<div class=\"sow-image-container\">\n\t\t<img \n\tsrc=\"https:\/\/artcrash.com\/de\/wp-content\/uploads\/2017\/04\/projekt-arvato-bertelsmann-grossformat-personalanzeige-minijob-nebenjob-art-crash.jpg\" width=\"1400\" height=\"920\" srcset=\"https:\/\/artcrash.com\/de\/wp-content\/uploads\/2017\/04\/projekt-arvato-bertelsmann-grossformat-personalanzeige-minijob-nebenjob-art-crash.jpg 1400w, https:\/\/artcrash.com\/de\/wp-content\/uploads\/2017\/04\/projekt-arvato-bertelsmann-grossformat-personalanzeige-minijob-nebenjob-art-crash-300x197.jpg 300w, https:\/\/artcrash.com\/de\/wp-content\/uploads\/2017\/04\/projekt-arvato-bertelsmann-grossformat-personalanzeige-minijob-nebenjob-art-crash-768x505.jpg 768w, https:\/\/artcrash.com\/de\/wp-content\/uploads\/2017\/04\/projekt-arvato-bertelsmann-grossformat-personalanzeige-minijob-nebenjob-art-crash-1024x673.jpg 1024w, https:\/\/artcrash.com\/de\/wp-content\/uploads\/2017\/04\/projekt-arvato-bertelsmann-grossformat-personalanzeige-minijob-nebenjob-art-crash-1217x800.jpg 1217w\" sizes=\"(max-width: 1400px) 100vw, 1400px\" title=\"arvato Bertelsmann \u00b7 Anzeige \u00b7 Kampagne \u00b7 Gro\u00dfformat \u00b7 Out of Home \u00b7 Corporate Identity \u00b7 CI \u00b7  Art Crash Werbeagentur Karlsruhe\" alt=\"arvato Bertelsmann \u00b7 Anzeige \u00b7 Kampagne \u00b7 Gro\u00dfformat \u00b7 Out of Home \u00b7 Corporate Identity \u00b7 CI \u00b7 Art Crash Werbeagentur Karlsruhe\" \t\tclass=\"so-widget-image\"\/>\n\t<\/div>\n\n<\/div><\/div><\/div><\/div><\/div><div id=\"pg-137-5\"  class=\"panel-grid panel-has-style\" ><div class=\"project-category-title panel-row-style panel-row-style-for-137-5\" data-sagewidth=\"1600px\" ><div id=\"pgc-137-5-0\"  class=\"panel-grid-cell\" ><div id=\"panel-137-5-0-0\" class=\"so-panel widget widget_sageheaderwidget panel-first-child panel-last-child\" data-index=\"8\" ><div\n\t\t\t\n\t\t\tclass=\"so-widget-sageheaderwidget so-widget-sageheaderwidget-base\"\n\t\t\t\n\t\t><div class=\"sageheaderwidget sageanchor__parent sageheaderwidget_layout_voltesemibold24up\">\n<h2 class=\"sageheaderwidget__header\">\nDirektmarketing<\/h2>\n<p class=\"sageheaderwidget__subtitle\">Einladungen und Programme f\u00fcr Veranstaltungen<\/p>\n<\/div>\n\n<\/div><\/div><\/div><\/div><\/div><div id=\"pg-137-6\"  class=\"panel-grid panel-has-style\" ><div data-sagewidth=\"1600px\" class=\"panel-row-style panel-row-style-for-137-6\" ><div id=\"pgc-137-6-0\"  class=\"panel-grid-cell\" ><div id=\"panel-137-6-0-0\" class=\"so-panel widget widget_sageimagewidget panel-first-child panel-last-child\" data-index=\"9\" ><div\n\t\t\t\n\t\t\tclass=\"so-widget-sageimagewidget so-widget-sageimagewidget-base\"\n\t\t\t\n\t\t><div class=\"sageimagewidget\">\n<figure class=\"sageimagewidget__figure\">\n<div class=\"sageimagewidget__hoverwrap\"><img decoding=\"async\" class=\"sageimagewidget__img\" src=\"https:\/\/artcrash.com\/de\/wp-content\/uploads\/2017\/04\/projekt-arvato-bertelsmann-event-marketing-device-transaction-pool-fashion-branche-art-crash.jpg\" width=\"690\" height=\"480\" alt=\"\" ><\/div>\n<\/figure>\n<\/div><\/div><\/div><\/div><div id=\"pgc-137-6-1\"  class=\"panel-grid-cell\" ><div id=\"panel-137-6-1-0\" class=\"so-panel widget widget_sageimagewidget panel-first-child panel-last-child\" data-index=\"10\" ><div\n\t\t\t\n\t\t\tclass=\"so-widget-sageimagewidget so-widget-sageimagewidget-base\"\n\t\t\t\n\t\t><div class=\"sageimagewidget\">\n<figure class=\"sageimagewidget__figure\">\n<div class=\"sageimagewidget__hoverwrap\"><img decoding=\"async\" class=\"sageimagewidget__img\" src=\"https:\/\/artcrash.com\/de\/wp-content\/uploads\/2017\/04\/projekt-arvato-bertelsmann-event-marketing-telekommunikationsforum-art-crash.jpg\" width=\"690\" height=\"480\" alt=\"\" ><\/div>\n<\/figure>\n<\/div><\/div><\/div><\/div><\/div><\/div><div id=\"pg-137-7\"  class=\"panel-grid panel-has-style\" ><div class=\"project-category-title panel-row-style panel-row-style-for-137-7\" data-sagewidth=\"1600px\" ><div id=\"pgc-137-7-0\"  class=\"panel-grid-cell\" ><div id=\"panel-137-7-0-0\" class=\"so-panel widget widget_sageheaderwidget panel-first-child panel-last-child\" data-index=\"11\" ><div\n\t\t\t\n\t\t\tclass=\"so-widget-sageheaderwidget so-widget-sageheaderwidget-base\"\n\t\t\t\n\t\t><div class=\"sageheaderwidget sageanchor__parent sageheaderwidget_layout_voltesemibold24up\">\n<h2 class=\"sageheaderwidget__header\">\nCorporate Design<\/h2>\n<p class=\"sageheaderwidget__subtitle\">Gestaltungselemente, Icon Stories und Grafiken<\/p>\n<\/div>\n\n<\/div><\/div><\/div><\/div><\/div><div id=\"pg-137-8\"  class=\"panel-grid panel-has-style\" ><div data-sagewidth=\"1600px\" class=\"panel-row-style panel-row-style-for-137-8\" ><div id=\"pgc-137-8-0\"  class=\"panel-grid-cell\" ><div id=\"panel-137-8-0-0\" class=\"so-panel widget widget_sow-image panel-first-child panel-last-child\" data-index=\"12\" ><div\n\t\t\t\n\t\t\tclass=\"so-widget-sow-image so-widget-sow-image-default-c67d20f9f743-137\"\n\t\t\t\n\t\t>\n<div class=\"sow-image-container\">\n\t\t<img \n\tsrc=\"https:\/\/artcrash.com\/de\/wp-content\/uploads\/2017\/04\/projekt-arvato-bertelsmann-corporate-elements-grafiken-icons-texte-art-crash-1.jpg\" width=\"1400\" height=\"980\" srcset=\"https:\/\/artcrash.com\/de\/wp-content\/uploads\/2017\/04\/projekt-arvato-bertelsmann-corporate-elements-grafiken-icons-texte-art-crash-1.jpg 1400w, https:\/\/artcrash.com\/de\/wp-content\/uploads\/2017\/04\/projekt-arvato-bertelsmann-corporate-elements-grafiken-icons-texte-art-crash-1-300x210.jpg 300w, https:\/\/artcrash.com\/de\/wp-content\/uploads\/2017\/04\/projekt-arvato-bertelsmann-corporate-elements-grafiken-icons-texte-art-crash-1-768x538.jpg 768w, https:\/\/artcrash.com\/de\/wp-content\/uploads\/2017\/04\/projekt-arvato-bertelsmann-corporate-elements-grafiken-icons-texte-art-crash-1-1024x717.jpg 1024w, https:\/\/artcrash.com\/de\/wp-content\/uploads\/2017\/04\/projekt-arvato-bertelsmann-corporate-elements-grafiken-icons-texte-art-crash-1-1143x800.jpg 1143w\" sizes=\"(max-width: 1400px) 100vw, 1400px\" title=\"arvato Bertelsmann \u00b7 Grafiken \u00b7 Diagramme \u00b7 Print \u00b7 Design \u00b7 Corporate Design \u00b7 Corporate Identity \u00b7 CD \u00b7 CI \u00b7  Art Crash Werbeagentur Karlsruhe\" alt=\"arvato Bertelsmann \u00b7 Grafiken \u00b7 Diagramme \u00b7 Print \u00b7 Design \u00b7 Corporate Design \u00b7 Corporate Identity \u00b7 CD \u00b7 CI \u00b7 Art Crash Werbeagentur Karlsruhe\" \t\tclass=\"so-widget-image\"\/>\n\t<\/div>\n\n<\/div><\/div><\/div><\/div><\/div><div id=\"pg-137-9\"  class=\"panel-grid panel-has-style\" ><div class=\"project-category-title panel-row-style panel-row-style-for-137-9\" data-sagewidth=\"1600px\" ><div id=\"pgc-137-9-0\"  class=\"panel-grid-cell\" ><div id=\"panel-137-9-0-0\" class=\"so-panel widget widget_sageheaderwidget panel-first-child panel-last-child\" data-index=\"13\" ><div\n\t\t\t\n\t\t\tclass=\"so-widget-sageheaderwidget so-widget-sageheaderwidget-base\"\n\t\t\t\n\t\t><div class=\"sageheaderwidget sageanchor__parent sageheaderwidget_layout_voltesemibold24up\">\n<h2 class=\"sageheaderwidget__header\">\nE-Mail-Marketing <\/h2>\n<p class=\"sageheaderwidget__subtitle\">Veranstaltungs- und Unternehmensnewsletter <\/p>\n<\/div>\n\n<\/div><\/div><\/div><\/div><\/div><div id=\"pg-137-10\"  class=\"panel-grid panel-has-style\" ><div data-sagewidth=\"1600px\" class=\"panel-row-style panel-row-style-for-137-10\" ><div id=\"pgc-137-10-0\"  class=\"panel-grid-cell\" ><div id=\"panel-137-10-0-0\" class=\"so-panel widget widget_sageimagewidget panel-first-child panel-last-child\" data-index=\"14\" ><div\n\t\t\t\n\t\t\tclass=\"so-widget-sageimagewidget so-widget-sageimagewidget-base\"\n\t\t\t\n\t\t><div class=\"sageimagewidget\">\n<figure class=\"sageimagewidget__figure\">\n<div class=\"sageimagewidget__hoverwrap\"><img decoding=\"async\" class=\"sageimagewidget__img\" src=\"https:\/\/artcrash.com\/de\/wp-content\/uploads\/2017\/03\/projekt-arvato-bertelsmann-newsletter-devices-art-crash.jpg\" width=\"1400\" height=\"820\" alt=\"\" ><\/div>\n<\/figure>\n<\/div><\/div><\/div><\/div><\/div><\/div><div id=\"pg-137-11\"  class=\"panel-grid panel-has-style\" ><div class=\"project-category-title panel-row-style panel-row-style-for-137-11\" data-sagewidth=\"1600px\" ><div id=\"pgc-137-11-0\"  class=\"panel-grid-cell\" ><div id=\"panel-137-11-0-0\" class=\"so-panel widget widget_sageheaderwidget panel-first-child panel-last-child\" data-index=\"15\" ><div\n\t\t\t\n\t\t\tclass=\"so-widget-sageheaderwidget so-widget-sageheaderwidget-base\"\n\t\t\t\n\t\t><div class=\"sageheaderwidget sageanchor__parent sageheaderwidget_layout_voltesemibold24up\">\n<h2 class=\"sageheaderwidget__header\">\nEmployer Branding<\/h2>\n<p class=\"sageheaderwidget__subtitle\">Brosch\u00fcre Hochschulmarketing<\/p>\n<\/div>\n\n<\/div><\/div><\/div><\/div><\/div><div id=\"pg-137-12\"  class=\"panel-grid panel-has-style\" ><div data-sagewidth=\"1600px\" class=\"panel-row-style panel-row-style-for-137-12\" ><div id=\"pgc-137-12-0\"  class=\"panel-grid-cell\" ><div id=\"panel-137-12-0-0\" class=\"so-panel widget widget_sageimagewidget panel-first-child panel-last-child\" data-index=\"16\" ><div\n\t\t\t\n\t\t\tclass=\"so-widget-sageimagewidget so-widget-sageimagewidget-base\"\n\t\t\t\n\t\t><div class=\"sageimagewidget\">\n<figure class=\"sageimagewidget__figure\">\n<div class=\"sageimagewidget__hoverwrap\"><img decoding=\"async\" class=\"sageimagewidget__img\" src=\"https:\/\/artcrash.com\/de\/wp-content\/uploads\/2017\/04\/projekt-arvato-bertelsmann-employer-branding-brochuere-karriere-art-crash.jpg\" width=\"1400\" height=\"800\" alt=\"\" ><\/div>\n<\/figure>\n<\/div><\/div><\/div><\/div><\/div><\/div><div id=\"pg-137-13\"  class=\"panel-grid panel-has-style\" ><div data-sagewidth=\"1600px\" class=\"panel-row-style panel-row-style-for-137-13\" ><div id=\"pgc-137-13-0\"  class=\"panel-grid-cell\" ><div id=\"panel-137-13-0-0\" class=\"so-panel widget widget_sageimagewidget panel-first-child panel-last-child\" data-index=\"17\" ><div\n\t\t\t\n\t\t\tclass=\"so-widget-sageimagewidget so-widget-sageimagewidget-base\"\n\t\t\t\n\t\t><div class=\"sageimagewidget\">\n<figure class=\"sageimagewidget__figure\">\n<div class=\"sageimagewidget__hoverwrap\"><img decoding=\"async\" class=\"sageimagewidget__img\" src=\"https:\/\/artcrash.com\/de\/wp-content\/uploads\/2017\/04\/projekt-arvato-bertelsmann-employer-branding-weltkarte-art-crash.jpg\" width=\"690\" height=\"480\" alt=\"\" ><\/div>\n<\/figure>\n<\/div><\/div><\/div><\/div><div id=\"pgc-137-13-1\"  class=\"panel-grid-cell\" ><div id=\"panel-137-13-1-0\" class=\"so-panel widget widget_sageimagewidget panel-first-child panel-last-child\" data-index=\"18\" ><div\n\t\t\t\n\t\t\tclass=\"so-widget-sageimagewidget so-widget-sageimagewidget-base\"\n\t\t\t\n\t\t><div class=\"sageimagewidget\">\n<figure class=\"sageimagewidget__figure\">\n<div class=\"sageimagewidget__hoverwrap\"><img decoding=\"async\" class=\"sageimagewidget__img\" src=\"https:\/\/artcrash.com\/de\/wp-content\/uploads\/2017\/04\/projekt-arvato-bertelsmann-employer-branding-brochuere-praktikum-art-crash.jpg\" width=\"690\" height=\"480\" alt=\"\" ><\/div>\n<\/figure>\n<\/div><\/div><\/div><\/div><\/div><\/div><div id=\"pg-137-14\"  class=\"panel-grid panel-has-style\" ><div class=\"project-category-title panel-row-style panel-row-style-for-137-14\" data-sagewidth=\"1600px\" ><div id=\"pgc-137-14-0\"  class=\"panel-grid-cell\" ><div id=\"panel-137-14-0-0\" class=\"so-panel widget widget_sageheaderwidget panel-first-child panel-last-child\" data-index=\"19\" ><div\n\t\t\t\n\t\t\tclass=\"so-widget-sageheaderwidget so-widget-sageheaderwidget-base\"\n\t\t\t\n\t\t><div class=\"sageheaderwidget sageanchor__parent sageheaderwidget_layout_voltesemibold24up\">\n<h2 class=\"sageheaderwidget__header\">\nEmployer Branding<\/h2>\n<p class=\"sageheaderwidget__subtitle\">Recruiting-Kampagnen<\/p>\n<\/div>\n\n<\/div><\/div><\/div><\/div><\/div><div id=\"pg-137-15\"  class=\"panel-grid panel-has-style\" ><div data-sagewidth=\"1600px\" class=\"panel-row-style panel-row-style-for-137-15\" ><div id=\"pgc-137-15-0\"  class=\"panel-grid-cell\" ><div id=\"panel-137-15-0-0\" class=\"so-panel widget widget_sageimagewidget panel-first-child panel-last-child\" data-index=\"20\" ><div\n\t\t\t\n\t\t\tclass=\"so-widget-sageimagewidget so-widget-sageimagewidget-base\"\n\t\t\t\n\t\t><div class=\"sageimagewidget\">\n<figure class=\"sageimagewidget__figure\">\n<div class=\"sageimagewidget__hoverwrap\"><img decoding=\"async\" class=\"sageimagewidget__img\" src=\"https:\/\/artcrash.com\/de\/wp-content\/uploads\/2017\/04\/projekt-arvato-bertelsmann-employer-branding-kampagne-cup-art-crash.jpg\" width=\"690\" height=\"480\" alt=\"\" ><\/div>\n<\/figure>\n<\/div><\/div><\/div><\/div><div id=\"pgc-137-15-1\"  class=\"panel-grid-cell\" ><div id=\"panel-137-15-1-0\" class=\"so-panel widget widget_sageimagewidget panel-first-child panel-last-child\" data-index=\"21\" ><div\n\t\t\t\n\t\t\tclass=\"so-widget-sageimagewidget so-widget-sageimagewidget-base\"\n\t\t\t\n\t\t><div class=\"sageimagewidget\">\n<figure class=\"sageimagewidget__figure\">\n<div class=\"sageimagewidget__hoverwrap\"><img decoding=\"async\" class=\"sageimagewidget__img\" src=\"https:\/\/artcrash.com\/de\/wp-content\/uploads\/2017\/04\/projekt-arvato-bertelsmann-employer-branding-kampagne-innovate-yourself-grossflaeche-art-crash.jpg\" width=\"690\" height=\"480\" alt=\"\" ><\/div>\n<\/figure>\n<\/div><\/div><\/div><\/div><\/div><\/div><div id=\"pg-137-16\"  class=\"panel-grid panel-has-style\" ><div class=\"project-last-row panel-row-style panel-row-style-for-137-16\" data-sagewidth=\"1600px\" ><div id=\"pgc-137-16-0\"  class=\"panel-grid-cell\" ><div id=\"panel-137-16-0-0\" class=\"so-panel widget widget_sageimagewidget panel-first-child panel-last-child\" data-index=\"22\" ><div\n\t\t\t\n\t\t\tclass=\"so-widget-sageimagewidget so-widget-sageimagewidget-base\"\n\t\t\t\n\t\t><div class=\"sageimagewidget\">\n<figure class=\"sageimagewidget__figure\">\n<div class=\"sageimagewidget__hoverwrap\"><img decoding=\"async\" class=\"sageimagewidget__img\" src=\"https:\/\/artcrash.com\/de\/wp-content\/uploads\/2017\/04\/projekt-arvato-bertelsmann-employer-branding-kampagne-personalanzeigen-schokolade-art-crash.jpg\" width=\"690\" height=\"480\" alt=\"\" ><\/div>\n<\/figure>\n<\/div><\/div><\/div><\/div><div id=\"pgc-137-16-1\"  class=\"panel-grid-cell\" ><div id=\"panel-137-16-1-0\" class=\"so-panel widget widget_sageimagewidget panel-first-child panel-last-child\" data-index=\"23\" ><div\n\t\t\t\n\t\t\tclass=\"so-widget-sageimagewidget so-widget-sageimagewidget-base\"\n\t\t\t\n\t\t><div class=\"sageimagewidget\">\n<figure class=\"sageimagewidget__figure\">\n<div class=\"sageimagewidget__hoverwrap\"><img decoding=\"async\" class=\"sageimagewidget__img\" src=\"https:\/\/artcrash.com\/de\/wp-content\/uploads\/2017\/04\/projekt-arvato-bertelsmann-employer-branding-kampagne-innovate-yourself-t-shirt-art-crash.jpg\" width=\"690\" height=\"480\" alt=\"\" ><\/div>\n<\/figure>\n<\/div><\/div><\/div><\/div><\/div><\/div><\/div>","protected":false},"excerpt":{"rendered":"<p>Arvato Financial Solutions ist ein global t\u00e4tiger Finanzdienstleister. Neben der Gestaltung und Umsetzung diverser Online- und Printmedien, wie Gro\u00dffl\u00e4chenplakate, Anzeigen und Newsletter f\u00fcr die Unternehmenskommunikation und der Organisation der damit &hellip;<\/p>\n","protected":false},"author":3,"featured_media":0,"parent":135,"menu_order":0,"comment_status":"closed","ping_status":"closed","template":"","meta":{"inline_featured_image":false,"footnotes":""},"class_list":["post-137","page","type-page","status-publish","hentry","odd"],"aioseo_notices":[],"_links":{"self":[{"href":"https:\/\/artcrash.com\/de\/wp-json\/wp\/v2\/pages\/137","targetHints":{"allow":["GET"]}}],"collection":[{"href":"https:\/\/artcrash.com\/de\/wp-json\/wp\/v2\/pages"}],"about":[{"href":"https:\/\/artcrash.com\/de\/wp-json\/wp\/v2\/types\/page"}],"author":[{"embeddable":true,"href":"https:\/\/artcrash.com\/de\/wp-json\/wp\/v2\/users\/3"}],"replies":[{"embeddable":true,"href":"https:\/\/artcrash.com\/de\/wp-json\/wp\/v2\/comments?post=137"}],"version-history":[{"count":87,"href":"https:\/\/artcrash.com\/de\/wp-json\/wp\/v2\/pages\/137\/revisions"}],"predecessor-version":[{"id":2567,"href":"https:\/\/artcrash.com\/de\/wp-json\/wp\/v2\/pages\/137\/revisions\/2567"}],"up":[{"embeddable":true,"href":"https:\/\/artcrash.com\/de\/wp-json\/wp\/v2\/pages\/135"}],"wp:attachment":[{"href":"https:\/\/artcrash.com\/de\/wp-json\/wp\/v2\/media?parent=137"}],"curies":[{"name":"wp","href":"https:\/\/api.w.org\/{rel}","templated":true}]}}