{"id":219,"date":"2017-03-17T17:25:09","date_gmt":"2017-03-17T16:25:09","guid":{"rendered":"https:\/\/artcrash.com\/de\/?page_id=219"},"modified":"2019-05-16T16:13:20","modified_gmt":"2019-05-16T14:13:20","slug":"raith-nanofabrication","status":"publish","type":"page","link":"https:\/\/artcrash.com\/de\/projekte\/raith-nanofabrication\/","title":{"rendered":"Raith Nanofabrication"},"content":{"rendered":"<div id=\"pl-219\"  class=\"panel-layout\" ><div id=\"pg-219-0\"  class=\"panel-grid panel-has-style\" ><div data-sagewidth=\"1700px\" class=\"panel-row-style panel-row-style-for-219-0\" ><div id=\"pgc-219-0-0\"  class=\"panel-grid-cell\" ><div id=\"panel-219-0-0-0\" class=\"so-panel widget widget_rev-slider-widget widget_revslider panel-first-child panel-last-child\" data-index=\"0\" >\n\t\t\t\t<p class=\"rs-p-wp-fix\"><\/p>\n\t\t\t\t<sr7-module data-alias=\"projekt-raith\" data-id=\"7\" id=\"SR7_7_1\" class=\"rs-ov-hidden\" data-version=\"6.7.50\">\n\t\t\t\t\t<sr7-adjuster><\/sr7-adjuster>\n\t\t\t\t\t<sr7-content>\n\t\t\t\t\t\t<sr7-slide id=\"SR7_7_1-8\" data-key=\"8\">\n\t\t\t\t\t\t\t<sr7-bg id=\"SR7_7_1-8-6\" class=\"sr7-layer\"><noscript><img decoding=\"async\" src=\"https:\/\/artcrash.com\/de\/wp-content\/uploads\/2017\/04\/projekt-raith-nanolithographie-header-produktfotographie-design-relaunch-art-crash.jpg\" alt=\"Raith \u00b7 Fotoshooting \u00b7 Fotografie \u00b7 Fotos \u00b7 Corporate Imagery \u00b7 Art Crash Werbeagentur Karlsruhe\" title=\"projekt-raith-nanolithographie-header-produktfotographie-design-relaunch-art-crash\"><\/noscript><\/sr7-bg>\n\t\t\t\t\t\t<\/sr7-slide>\n\t\t\t\t\t<\/sr7-content>\n\t\t\t\t\t<image_lists style=\"display:none\">\n\t\t\t\t\t\t<img data-src=\"\/\/artcrash.com\/de\/wp-content\/uploads\/2017\/04\/projekt-raith-nanolithographie-header-box-art-crash.png\" data-libid=\"405\" alt=\"Raith \u00b7 Art Crash Werbeagentur Karlsruhe\" title=\"projekt-raith-nanolithographie-header-box-art-crash\" width=\"0\" height=\"0\" data-dbsrc=\"Ly9hcnRjcmFzaC5jb20vZGUvd3AtY29udGVudC91cGxvYWRzLzIwMTcvMDQvcHJvamVrdC1yYWl0aC1uYW5vbGl0aG9ncmFwaGllLWhlYWRlci1ib3gtYXJ0LWNyYXNoLnBuZw==\"\/>\n\t\t\t\t\t\t<img data-src=\"\/\/artcrash.com\/de\/wp-content\/uploads\/2017\/04\/projekt-raith-nanolithographie-header-produktfotographie-design-relaunch-art-crash.jpg\" width=\"0\" height=\"0\" data-dbsrc=\"Ly9hcnRjcmFzaC5jb20vZGUvd3AtY29udGVudC91cGxvYWRzLzIwMTcvMDQvcHJvamVrdC1yYWl0aC1uYW5vbGl0aG9ncmFwaGllLWhlYWRlci1wcm9kdWt0Zm90b2dyYXBoaWUtZGVzaWduLXJlbGF1bmNoLWFydC1jcmFzaC5qcGc=\"\/>\n\t\t\t\t\t<\/image_lists>\n\t\t\t\t<\/sr7-module>\n\t\t\t\t<script>\n\t\t\t\t\tSR7.PMH ??={}; SR7.PMH[\"SR7_7_1\"] = {cn:100,state:false,fn: function() { if (_tpt!==undefined && _tpt.prepareModuleHeight !== undefined) {  _tpt.prepareModuleHeight({id:\"SR7_7_1\",type:'standard',shdw:'0',gh:[900,900,576,438,270],gw:[1600,1600,1024,778,480],vpt:['-200px'],size:{fullWidth:false, fullHeight:false},mh:'0',onh:0,onw:0,bg:{color:'{\"orig\":\"transparent\",\"type\":\"solid\",\"string\":\"transparent\"}'},plType:'5',plColor:'#FFFFFF'});   SR7.PMH[\"SR7_7_1\"].state=true;} else if(SR7.PMH[\"SR7_7_1\"].cn-->0)\tsetTimeout( SR7.PMH[\"SR7_7_1\"].fn,19);}};SR7.PMH[\"SR7_7_1\" ].fn();\n\t\t\t\t<\/script>\n<\/div><\/div><\/div><\/div><div id=\"pg-219-1\"  class=\"panel-grid panel-has-style\" ><div data-sagewidth=\"1280px\" class=\"panel-row-style panel-row-style-for-219-1\" ><div id=\"pgc-219-1-0\"  class=\"panel-grid-cell\" ><div id=\"panel-219-1-0-0\" class=\"so-panel widget widget_sageheaderwidget panel-first-child\" data-index=\"1\" ><div\n\t\t\t\n\t\t\tclass=\"so-widget-sageheaderwidget so-widget-sageheaderwidget-base\"\n\t\t\t\n\t\t><div class=\"sageheaderwidget sageanchor__parent sageheaderwidget_layout_exobold55\">\n<h1 class=\"sageheaderwidget__header\">\nRaith GmbH<\/h1>\n<\/div>\n\n<\/div><\/div><div id=\"panel-219-1-0-1\" class=\"so-panel widget widget_sow-editor\" data-index=\"2\" ><div\n\t\t\t\n\t\t\tclass=\"so-widget-sow-editor so-widget-sow-editor-base\"\n\t\t\t\n\t\t>\n<div class=\"siteorigin-widget-tinymce textwidget\">\n\t<p style=\"text-align: center;\">Die Raith GmbH ist einer der f\u00fchrenden Technologieanbieter f\u00fcr Elektronenstrahllithografie und Ionenstrahl-Nanofabrikation.<\/p>\n<p style=\"text-align: center;\">Die Aufgabe war es, den hochmodernen und technisch sehr spezialisierten Ger\u00e4ten der Raith GmbH ein zeitgem\u00e4\u00dfes Gesicht zu verleihen. Nach einem umfassenden Corporate Identity- und Design-Relaunch wurden sowohl die Print- und Onlinemedien wie Website und Brosch\u00fcren als auch die Ger\u00e4te <br \/>einem Facelift unterzogen.<\/p>\n<\/div>\n<\/div><\/div><div id=\"panel-219-1-0-2\" class=\"so-panel widget widget_sagehrwidget\" data-index=\"3\" ><div\n\t\t\t\n\t\t\tclass=\"so-widget-sagehrwidget so-widget-sagehrwidget-base\"\n\t\t\t\n\t\t><hr class=\"sagehr sagehr_margin_medium\">\n<\/div><\/div><div id=\"panel-219-1-0-3\" class=\"so-panel widget widget_sow-image panel-last-child\" data-index=\"4\" ><div\n\t\t\t\n\t\t\tclass=\"so-widget-sow-image so-widget-sow-image-default-c67d20f9f743-219\"\n\t\t\t\n\t\t>\n<div class=\"sow-image-container\">\n\t\t<img \n\tsrc=\"https:\/\/artcrash.com\/de\/wp-content\/uploads\/2017\/03\/EBPG5200.jpg\" width=\"616\" height=\"581\" srcset=\"https:\/\/artcrash.com\/de\/wp-content\/uploads\/2017\/03\/EBPG5200.jpg 616w, https:\/\/artcrash.com\/de\/wp-content\/uploads\/2017\/03\/EBPG5200-300x283.jpg 300w\" sizes=\"(max-width: 616px) 100vw, 616px\" alt=\"\" \t\tclass=\"so-widget-image\"\/>\n\t<\/div>\n\n<\/div><\/div><\/div><\/div><\/div><div id=\"pg-219-2\"  class=\"panel-grid panel-has-style\" ><div class=\"project-category-title panel-row-style panel-row-style-for-219-2\" data-sagewidth=\"1600px\" ><div id=\"pgc-219-2-0\"  class=\"panel-grid-cell\" ><div id=\"panel-219-2-0-0\" class=\"so-panel widget widget_sageheaderwidget panel-first-child panel-last-child\" data-index=\"5\" ><div\n\t\t\t\n\t\t\tclass=\"so-widget-sageheaderwidget so-widget-sageheaderwidget-base\"\n\t\t\t\n\t\t><div class=\"sageheaderwidget sageanchor__parent sageheaderwidget_layout_voltesemibold24up\">\n<h2 class=\"sageheaderwidget__header\">\ncorporate design<\/h2>\n<p class=\"sageheaderwidget__subtitle\">Unternehmenslogo, Gesch\u00e4ftsausstattung und PowerPoint<\/p>\n<\/div>\n\n<\/div><\/div><\/div><\/div><\/div><div id=\"pg-219-3\"  class=\"panel-grid panel-has-style\" ><div data-sagewidth=\"1600px\" class=\"panel-row-style panel-row-style-for-219-3\" ><div id=\"pgc-219-3-0\"  class=\"panel-grid-cell\" ><div id=\"panel-219-3-0-0\" class=\"so-panel widget widget_sageimagewidget panel-first-child panel-last-child\" data-index=\"6\" ><div\n\t\t\t\n\t\t\tclass=\"so-widget-sageimagewidget so-widget-sageimagewidget-base\"\n\t\t\t\n\t\t><div class=\"sageimagewidget\">\n<figure class=\"sageimagewidget__figure\">\n<div class=\"sageimagewidget__hoverwrap\"><img decoding=\"async\" class=\"sageimagewidget__img\" src=\"https:\/\/artcrash.com\/de\/wp-content\/uploads\/2017\/04\/projekt-raith-corporate-design-logo-art-crash-1.jpg\" width=\"1400\" height=\"800\" alt=\"\" ><\/div>\n<\/figure>\n<\/div><\/div><\/div><\/div><\/div><\/div><div id=\"pg-219-4\"  class=\"panel-grid panel-has-style\" ><div data-sagewidth=\"1600px\" class=\"panel-row-style panel-row-style-for-219-4\" ><div id=\"pgc-219-4-0\"  class=\"panel-grid-cell\" ><div id=\"panel-219-4-0-0\" class=\"so-panel widget widget_sageimagewidget panel-first-child panel-last-child\" data-index=\"7\" ><div\n\t\t\t\n\t\t\tclass=\"so-widget-sageimagewidget so-widget-sageimagewidget-base\"\n\t\t\t\n\t\t><div class=\"sageimagewidget\">\n<figure class=\"sageimagewidget__figure\">\n<div class=\"sageimagewidget__hoverwrap\"><img decoding=\"async\" class=\"sageimagewidget__img\" src=\"https:\/\/artcrash.com\/de\/wp-content\/uploads\/2017\/04\/projekt-raith-corporate-design-stationary-branding-art-crash.jpg\" width=\"1400\" height=\"800\" alt=\"\" ><\/div>\n<\/figure>\n<\/div><\/div><\/div><\/div><\/div><\/div><div id=\"pg-219-5\"  class=\"panel-grid panel-has-style\" ><div data-sagewidth=\"1600px\" class=\"panel-row-style panel-row-style-for-219-5\" ><div id=\"pgc-219-5-0\"  class=\"panel-grid-cell\" ><div id=\"panel-219-5-0-0\" class=\"so-panel widget widget_sageimagewidget panel-first-child panel-last-child\" data-index=\"8\" ><div\n\t\t\t\n\t\t\tclass=\"so-widget-sageimagewidget so-widget-sageimagewidget-base\"\n\t\t\t\n\t\t><div class=\"sageimagewidget\">\n<figure class=\"sageimagewidget__figure\">\n<div class=\"sageimagewidget__hoverwrap\"><img decoding=\"async\" class=\"sageimagewidget__img\" src=\"https:\/\/artcrash.com\/de\/wp-content\/uploads\/2017\/04\/projekt-raith-corporate-design-power-point-presentation-device-tablet-art-crash.jpg\" width=\"1400\" height=\"800\" alt=\"\" ><\/div>\n<\/figure>\n<\/div><\/div><\/div><\/div><\/div><\/div><div id=\"pg-219-6\"  class=\"panel-grid panel-has-style\" ><div class=\"project-category-title panel-row-style panel-row-style-for-219-6\" data-sagewidth=\"1600px\" ><div id=\"pgc-219-6-0\"  class=\"panel-grid-cell\" ><div id=\"panel-219-6-0-0\" class=\"so-panel widget widget_sageheaderwidget panel-first-child panel-last-child\" data-index=\"9\" ><div\n\t\t\t\n\t\t\tclass=\"so-widget-sageheaderwidget so-widget-sageheaderwidget-base\"\n\t\t\t\n\t\t><div class=\"sageheaderwidget sageanchor__parent sageheaderwidget_layout_voltesemibold24up\">\n<h2 class=\"sageheaderwidget__header\">\nCorporate Design <\/h2>\n<p class=\"sageheaderwidget__subtitle\">Farbwelt und Typografie<\/p>\n<\/div>\n\n<\/div><\/div><\/div><\/div><\/div><div id=\"pg-219-7\"  class=\"panel-grid panel-has-style\" ><div data-sagewidth=\"1600px\" class=\"panel-row-style panel-row-style-for-219-7\" ><div id=\"pgc-219-7-0\"  class=\"panel-grid-cell\" ><div id=\"panel-219-7-0-0\" class=\"so-panel widget widget_sageimagewidget panel-first-child panel-last-child\" data-index=\"10\" ><div\n\t\t\t\n\t\t\tclass=\"so-widget-sageimagewidget so-widget-sageimagewidget-base\"\n\t\t\t\n\t\t><div class=\"sageimagewidget\">\n<figure class=\"sageimagewidget__figure\">\n<div class=\"sageimagewidget__hoverwrap\"><img decoding=\"async\" class=\"sageimagewidget__img\" src=\"https:\/\/artcrash.com\/de\/wp-content\/uploads\/2017\/04\/projekt-raith-corporate-design-farben-typographie-art-crash-1.jpg\" width=\"1400\" height=\"760\" alt=\"\" ><\/div>\n<\/figure>\n<\/div><\/div><\/div><\/div><\/div><\/div><div id=\"pg-219-8\"  class=\"panel-grid panel-has-style\" ><div class=\"project-category-title panel-row-style panel-row-style-for-219-8\" data-sagewidth=\"1600px\" ><div id=\"pgc-219-8-0\"  class=\"panel-grid-cell\" ><div id=\"panel-219-8-0-0\" class=\"so-panel widget widget_sageheaderwidget panel-first-child panel-last-child\" data-index=\"11\" ><div\n\t\t\t\n\t\t\tclass=\"so-widget-sageheaderwidget so-widget-sageheaderwidget-base\"\n\t\t\t\n\t\t><div class=\"sageheaderwidget sageanchor__parent sageheaderwidget_layout_voltesemibold24up\">\n<h2 class=\"sageheaderwidget__header\">\nCorporate Communication<\/h2>\n<p class=\"sageheaderwidget__subtitle\">Produktbrosch\u00fcren<\/p>\n<\/div>\n\n<\/div><\/div><\/div><\/div><\/div><div id=\"pg-219-9\"  class=\"panel-grid panel-has-style\" ><div data-sagewidth=\"1600px\" class=\"panel-row-style panel-row-style-for-219-9\" ><div id=\"pgc-219-9-0\"  class=\"panel-grid-cell\" ><div id=\"panel-219-9-0-0\" class=\"so-panel widget widget_sagethreeimgblockwidget panel-first-child panel-last-child\" data-index=\"12\" ><div\n\t\t\t\n\t\t\tclass=\"so-widget-sagethreeimgblockwidget so-widget-sagethreeimgblockwidget-base-4f716a4f5002-219\"\n\t\t\t\n\t\t><div class=\"sagethreeimgblockwidget\">\n<div class=\"sagethreeimgblockwidget__col sagethreeimgblockwidget__col1\"><div class=\"sagethreeimgblockwidget__image sagethreeimgblockwidget__image1\">\n<span class=\"sagethreeimgblockwidget__imagesizer\"><\/span>\n<\/div>\n<\/div><div class=\"sagethreeimgblockwidget__col sagethreeimgblockwidget__col2\"><div class=\"sagethreeimgblockwidget__image sagethreeimgblockwidget__image2\">\n<span class=\"sagethreeimgblockwidget__imagesizer\"><\/span>\n<\/div>\n<div class=\"sagethreeimgblockwidget__image sagethreeimgblockwidget__image3\">\n<span class=\"sagethreeimgblockwidget__imagesizer\"><\/span>\n<\/div>\n<\/div><\/div>\n<\/div><\/div><\/div><\/div><\/div><div id=\"pg-219-10\"  class=\"panel-grid panel-has-style\" ><div class=\"project-category-title panel-row-style panel-row-style-for-219-10\" data-sagewidth=\"1600px\" ><div id=\"pgc-219-10-0\"  class=\"panel-grid-cell\" ><div id=\"panel-219-10-0-0\" class=\"so-panel widget widget_sageheaderwidget panel-first-child panel-last-child\" data-index=\"13\" ><div\n\t\t\t\n\t\t\tclass=\"so-widget-sageheaderwidget so-widget-sageheaderwidget-base\"\n\t\t\t\n\t\t><div class=\"sageheaderwidget sageanchor__parent sageheaderwidget_layout_voltesemibold24up\">\n<h2 class=\"sageheaderwidget__header\">\nCorporate Communication<\/h2>\n<p class=\"sageheaderwidget__subtitle\">Leporello Produktportfolio<\/p>\n<\/div>\n\n<\/div><\/div><\/div><\/div><\/div><div id=\"pg-219-11\"  class=\"panel-grid panel-has-style\" ><div data-sagewidth=\"1600px\" class=\"panel-row-style panel-row-style-for-219-11\" ><div id=\"pgc-219-11-0\"  class=\"panel-grid-cell\" ><div id=\"panel-219-11-0-0\" class=\"so-panel widget widget_sageimagewidget panel-first-child panel-last-child\" data-index=\"14\" ><div\n\t\t\t\n\t\t\tclass=\"so-widget-sageimagewidget so-widget-sageimagewidget-base\"\n\t\t\t\n\t\t><div class=\"sageimagewidget\">\n<figure class=\"sageimagewidget__figure\">\n<div class=\"sageimagewidget__hoverwrap\"><img decoding=\"async\" class=\"sageimagewidget__img\" src=\"https:\/\/artcrash.com\/de\/wp-content\/uploads\/2017\/04\/projekt-raith-print-design-produkt-leporello-titel-art-crash.jpg\" width=\"1400\" height=\"900\" alt=\"\" ><\/div>\n<\/figure>\n<\/div><\/div><\/div><\/div><\/div><\/div><div id=\"pg-219-12\"  class=\"panel-grid panel-has-style\" ><div data-sagewidth=\"1600px\" class=\"panel-row-style panel-row-style-for-219-12\" ><div id=\"pgc-219-12-0\"  class=\"panel-grid-cell\" ><div id=\"panel-219-12-0-0\" class=\"so-panel widget widget_sageimagewidget panel-first-child panel-last-child\" data-index=\"15\" ><div\n\t\t\t\n\t\t\tclass=\"so-widget-sageimagewidget so-widget-sageimagewidget-base\"\n\t\t\t\n\t\t><div class=\"sageimagewidget\">\n<figure class=\"sageimagewidget__figure\">\n<div class=\"sageimagewidget__hoverwrap\"><img decoding=\"async\" class=\"sageimagewidget__img\" src=\"https:\/\/artcrash.com\/de\/wp-content\/uploads\/2017\/04\/projekt-raith-print-design-produkt-leporello-innenseiten-art-crash.jpg\" width=\"1400\" height=\"740\" alt=\"\" ><\/div>\n<\/figure>\n<\/div><\/div><\/div><\/div><\/div><\/div><div id=\"pg-219-13\"  class=\"panel-grid panel-has-style\" ><div class=\"project-category-title panel-row-style panel-row-style-for-219-13\" data-sagewidth=\"1600px\" ><div id=\"pgc-219-13-0\"  class=\"panel-grid-cell\" ><div id=\"panel-219-13-0-0\" class=\"so-panel widget widget_sageheaderwidget panel-first-child panel-last-child\" data-index=\"16\" ><div\n\t\t\t\n\t\t\tclass=\"so-widget-sageheaderwidget so-widget-sageheaderwidget-base\"\n\t\t\t\n\t\t><div class=\"sageheaderwidget sageanchor__parent sageheaderwidget_layout_voltesemibold24up\">\n<h2 class=\"sageheaderwidget__header\">\nCorporate Communication<\/h2>\n<p class=\"sageheaderwidget__subtitle\">Messestand und Banner<\/p>\n<\/div>\n\n<\/div><\/div><\/div><\/div><\/div><div id=\"pg-219-14\"  class=\"panel-grid panel-has-style\" ><div data-sagewidth=\"1600px\" class=\"panel-row-style panel-row-style-for-219-14\" ><div id=\"pgc-219-14-0\"  class=\"panel-grid-cell\" ><div id=\"panel-219-14-0-0\" class=\"so-panel widget widget_sageimagewidget panel-first-child panel-last-child\" data-index=\"17\" ><div\n\t\t\t\n\t\t\tclass=\"so-widget-sageimagewidget so-widget-sageimagewidget-base\"\n\t\t\t\n\t\t><div class=\"sageimagewidget\">\n<figure class=\"sageimagewidget__figure\">\n<div class=\"sageimagewidget__hoverwrap\"><img decoding=\"async\" class=\"sageimagewidget__img\" src=\"https:\/\/artcrash.com\/de\/wp-content\/uploads\/2017\/04\/projekt-raith-messe-print-roll-up-art-crash.jpg\" width=\"1400\" height=\"800\" alt=\"\" ><\/div>\n<\/figure>\n<\/div><\/div><\/div><\/div><\/div><\/div><div id=\"pg-219-15\"  class=\"panel-grid panel-has-style\" ><div data-sagewidth=\"1600px\" class=\"panel-row-style panel-row-style-for-219-15\" ><div id=\"pgc-219-15-0\"  class=\"panel-grid-cell\" ><div id=\"panel-219-15-0-0\" class=\"so-panel widget widget_sageimagewidget panel-first-child panel-last-child\" data-index=\"18\" ><div\n\t\t\t\n\t\t\tclass=\"so-widget-sageimagewidget so-widget-sageimagewidget-base\"\n\t\t\t\n\t\t><div class=\"sageimagewidget\">\n<figure class=\"sageimagewidget__figure\">\n<div class=\"sageimagewidget__hoverwrap\"><img decoding=\"async\" class=\"sageimagewidget__img\" src=\"https:\/\/artcrash.com\/de\/wp-content\/uploads\/2017\/04\/projekt-raith-messe-messestand-art-crash.jpg\" width=\"690\" height=\"560\" alt=\"\" ><\/div>\n<\/figure>\n<\/div><\/div><\/div><\/div><div id=\"pgc-219-15-1\"  class=\"panel-grid-cell\" ><div id=\"panel-219-15-1-0\" class=\"so-panel widget widget_sageimagewidget panel-first-child panel-last-child\" data-index=\"19\" ><div\n\t\t\t\n\t\t\tclass=\"so-widget-sageimagewidget so-widget-sageimagewidget-base\"\n\t\t\t\n\t\t><div class=\"sageimagewidget\">\n<figure class=\"sageimagewidget__figure\">\n<div class=\"sageimagewidget__hoverwrap\"><img decoding=\"async\" class=\"sageimagewidget__img\" src=\"https:\/\/artcrash.com\/de\/wp-content\/uploads\/2017\/04\/projekt-raith-messe-print-poster-art-crash.jpg\" width=\"690\" height=\"560\" alt=\"\" ><\/div>\n<\/figure>\n<\/div><\/div><\/div><\/div><\/div><\/div><div id=\"pg-219-16\"  class=\"panel-grid panel-has-style\" ><div class=\"project-category-title panel-row-style panel-row-style-for-219-16\" data-sagewidth=\"1600px\" ><div id=\"pgc-219-16-0\"  class=\"panel-grid-cell\" ><div id=\"panel-219-16-0-0\" class=\"so-panel widget widget_sageheaderwidget panel-first-child panel-last-child\" data-index=\"20\" ><div\n\t\t\t\n\t\t\tclass=\"so-widget-sageheaderwidget so-widget-sageheaderwidget-base\"\n\t\t\t\n\t\t><div class=\"sageheaderwidget sageanchor__parent sageheaderwidget_layout_voltesemibold24up\">\n<h2 class=\"sageheaderwidget__header\">\nFilm\/Multimedia<\/h2>\n<p class=\"sageheaderwidget__subtitle\">Produktfilm EBPG5200<\/p>\n<\/div>\n\n<\/div><\/div><\/div><\/div><\/div><div id=\"pg-219-17\"  class=\"panel-grid panel-has-style\" ><div data-sagewidth=\"1600px\" class=\"panel-row-style panel-row-style-for-219-17\" ><div id=\"pgc-219-17-0\"  class=\"panel-grid-cell\" ><div id=\"panel-219-17-0-0\" class=\"so-panel widget widget_sageimagewidget panel-first-child panel-last-child\" data-index=\"21\" ><div\n\t\t\t\n\t\t\tclass=\"so-widget-sageimagewidget so-widget-sageimagewidget-base\"\n\t\t\t\n\t\t><div class=\"sageimagewidget\">\n<figure class=\"sageimagewidget__figure\">\n<div class=\"sageimagewidget__hoverwrap\"><img decoding=\"async\" class=\"sageimagewidget__img\" src=\"https:\/\/artcrash.com\/de\/wp-content\/uploads\/2017\/04\/projekt-raith-movie-produktvideo-device-tablet-art-crash.jpg\" width=\"1400\" height=\"760\" alt=\"\" ><\/div>\n<\/figure>\n<\/div><\/div><\/div><\/div><\/div><\/div><div id=\"pg-219-18\"  class=\"panel-grid panel-has-style\" ><div data-sagewidth=\"1600px\" class=\"panel-row-style panel-row-style-for-219-18\" ><div id=\"pgc-219-18-0\"  class=\"panel-grid-cell\" ><div id=\"panel-219-18-0-0\" class=\"so-panel widget widget_sageimagewidget panel-first-child panel-last-child\" data-index=\"22\" ><div\n\t\t\t\n\t\t\tclass=\"so-widget-sageimagewidget so-widget-sageimagewidget-base\"\n\t\t\t\n\t\t><div class=\"sageimagewidget\">\n<figure class=\"sageimagewidget__figure\">\n<div class=\"sageimagewidget__hoverwrap\"><img decoding=\"async\" class=\"sageimagewidget__img\" src=\"https:\/\/artcrash.com\/de\/wp-content\/uploads\/2017\/04\/projekt-raith-movie-produktvideo-mikroskop-art-crash.jpg\" width=\"690\" height=\"400\" alt=\"\" ><\/div>\n<\/figure>\n<\/div><\/div><\/div><\/div><div id=\"pgc-219-18-1\"  class=\"panel-grid-cell\" ><div id=\"panel-219-18-1-0\" class=\"so-panel widget widget_sageimagewidget panel-first-child panel-last-child\" data-index=\"23\" ><div\n\t\t\t\n\t\t\tclass=\"so-widget-sageimagewidget so-widget-sageimagewidget-base\"\n\t\t\t\n\t\t><div class=\"sageimagewidget\">\n<figure class=\"sageimagewidget__figure\">\n<div class=\"sageimagewidget__hoverwrap\"><img decoding=\"async\" class=\"sageimagewidget__img\" src=\"https:\/\/artcrash.com\/de\/wp-content\/uploads\/2017\/04\/projekt-raith-movie-produktvideo-mann-mikroskop-art-crash.jpg\" width=\"690\" height=\"400\" alt=\"\" ><\/div>\n<\/figure>\n<\/div><\/div><\/div><\/div><\/div><\/div><div id=\"pg-219-19\"  class=\"panel-grid panel-has-style\" ><div class=\"project-last-row panel-row-style panel-row-style-for-219-19\" data-sagewidth=\"1600px\" ><div id=\"pgc-219-19-0\"  class=\"panel-grid-cell\" ><div id=\"panel-219-19-0-0\" class=\"so-panel widget widget_sageimagewidget panel-first-child panel-last-child\" data-index=\"24\" ><div\n\t\t\t\n\t\t\tclass=\"so-widget-sageimagewidget so-widget-sageimagewidget-base\"\n\t\t\t\n\t\t><div class=\"sageimagewidget\">\n<figure class=\"sageimagewidget__figure\">\n<div class=\"sageimagewidget__hoverwrap\"><img decoding=\"async\" class=\"sageimagewidget__img\" src=\"https:\/\/artcrash.com\/de\/wp-content\/uploads\/2017\/04\/projekt-raith-movie-produktvideo-mann-interview-art-crash-1.jpg\" width=\"690\" height=\"400\" alt=\"\" ><\/div>\n<\/figure>\n<\/div><\/div><\/div><\/div><div id=\"pgc-219-19-1\"  class=\"panel-grid-cell\" ><div id=\"panel-219-19-1-0\" class=\"so-panel widget widget_sageimagewidget panel-first-child panel-last-child\" data-index=\"25\" ><div\n\t\t\t\n\t\t\tclass=\"so-widget-sageimagewidget so-widget-sageimagewidget-base\"\n\t\t\t\n\t\t><div class=\"sageimagewidget\">\n<figure class=\"sageimagewidget__figure\">\n<div class=\"sageimagewidget__hoverwrap\"><img decoding=\"async\" class=\"sageimagewidget__img\" src=\"https:\/\/artcrash.com\/de\/wp-content\/uploads\/2017\/04\/projekt-raith-movie-produktvideo-produkt-EBPG5200-art-crash-1.jpg\" width=\"690\" height=\"400\" alt=\"\" ><\/div>\n<\/figure>\n<\/div><\/div><\/div><\/div><\/div><\/div><\/div>","protected":false},"excerpt":{"rendered":"<p>Die Raith GmbH ist einer der f\u00fchrenden Technologieanbieter f\u00fcr Elektronenstrahllithografie und Ionenstrahl-Nanofabrikation.Die Aufgabe war es, den hochmodernen und technisch sehr spezialisierten Ger\u00e4ten der Raith GmbH ein zeitgem\u00e4\u00dfes Gesicht zu verleihen. &hellip;<\/p>\n","protected":false},"author":3,"featured_media":0,"parent":135,"menu_order":0,"comment_status":"closed","ping_status":"closed","template":"","meta":{"inline_featured_image":false,"footnotes":""},"class_list":["post-219","page","type-page","status-publish","hentry","odd"],"aioseo_notices":[],"_links":{"self":[{"href":"https:\/\/artcrash.com\/de\/wp-json\/wp\/v2\/pages\/219","targetHints":{"allow":["GET"]}}],"collection":[{"href":"https:\/\/artcrash.com\/de\/wp-json\/wp\/v2\/pages"}],"about":[{"href":"https:\/\/artcrash.com\/de\/wp-json\/wp\/v2\/types\/page"}],"author":[{"embeddable":true,"href":"https:\/\/artcrash.com\/de\/wp-json\/wp\/v2\/users\/3"}],"replies":[{"embeddable":true,"href":"https:\/\/artcrash.com\/de\/wp-json\/wp\/v2\/comments?post=219"}],"version-history":[{"count":61,"href":"https:\/\/artcrash.com\/de\/wp-json\/wp\/v2\/pages\/219\/revisions"}],"predecessor-version":[{"id":2570,"href":"https:\/\/artcrash.com\/de\/wp-json\/wp\/v2\/pages\/219\/revisions\/2570"}],"up":[{"embeddable":true,"href":"https:\/\/artcrash.com\/de\/wp-json\/wp\/v2\/pages\/135"}],"wp:attachment":[{"href":"https:\/\/artcrash.com\/de\/wp-json\/wp\/v2\/media?parent=219"}],"curies":[{"name":"wp","href":"https:\/\/api.w.org\/{rel}","templated":true}]}}